{"id":103,"date":"2024-03-28T19:11:13","date_gmt":"2024-03-28T19:11:13","guid":{"rendered":"https:\/\/tvenkiniai.admoon.lt\/?page_id=103"},"modified":"2024-04-08T15:10:11","modified_gmt":"2024-04-08T15:10:11","slug":"produkcija","status":"publish","type":"page","link":"https:\/\/tvenkiniai.admoon.lt\/index.php\/produkcija\/","title":{"rendered":"Produkcija"},"content":{"rendered":"<p>[et_pb_section fb_built=&#8221;1&#8243; next_background_color=&#8221;#f2f5f7&#8243; admin_label=&#8221;Hero&#8221; _builder_version=&#8221;4.24.2&#8243; background_color=&#8221;#007FE0&#8243; use_background_color_gradient=&#8221;on&#8221; background_color_gradient_direction=&#8221;102deg&#8221; background_color_gradient_stops=&#8221;rgba(118,188,242,0.96) 0%|rgba(218,228,242,0.85) 100%&#8221; background_color_gradient_start=&#8221;#fa97b4&#8243; background_color_gradient_end=&#8221;#feb2c7&#8243; background_image=&#8221;https:\/\/tvenkiniai.admoon.lt\/wp-content\/uploads\/2024\/03\/raw-fish-market-scaled.jpg&#8221; background_blend=&#8221;screen&#8221; custom_padding=&#8221;120px||120px|&#8221; bottom_divider_style=&#8221;wave2&#8243; bottom_divider_height=&#8221;150px&#8221; global_colors_info=&#8221;{}&#8221;][et_pb_row _builder_version=&#8221;4.16&#8243; background_size=&#8221;initial&#8221; background_position=&#8221;top_left&#8221; background_repeat=&#8221;repeat&#8221; global_colors_info=&#8221;{}&#8221;][et_pb_column type=&#8221;4_4&#8243; _builder_version=&#8221;4.16&#8243; custom_padding=&#8221;|||&#8221; global_colors_info=&#8221;{}&#8221; custom_padding__hover=&#8221;|||&#8221;][et_pb_text admin_label=&#8221;Title &#8221; _builder_version=&#8221;4.24.2&#8243; text_font=&#8221;Nunito||||||||&#8221; text_font_size=&#8221;18px&#8221; text_line_height=&#8221;1.8em&#8221; header_font=&#8221;Fredoka One||||||||&#8221; header_font_size=&#8221;52px&#8221; header_line_height=&#8221;1.3em&#8221; text_orientation=&#8221;center&#8221; background_layout=&#8221;dark&#8221; max_width=&#8221;700px&#8221; module_alignment=&#8221;center&#8221; custom_margin=&#8221;||10px|&#8221; animation_style=&#8221;fade&#8221; inline_fonts=&#8221;Albert Sans,Rubik&#8221; global_colors_info=&#8221;{}&#8221;]<\/p>\n<h1><span style=\"color: #262f71;\"><strong><span style=\"font-family: Rubik;\">M\u016bs\u0173 produkcija<\/span><\/strong><\/span><\/h1>\n<p><strong><span style=\"font-family: 'Albert Sans'; color: #262f71;\">Pa\u010di\u0173 u\u017eauginta \u017euvis ir pigesn\u0117, ir skanesn\u0117! U\u017esukite ir \u012fsitikinkite patys!<\/span><\/strong><\/p>\n<p>[\/et_pb_text][\/et_pb_column][\/et_pb_row][\/et_pb_section][et_pb_section fb_built=&#8221;1&#8243; admin_label=&#8221;Features&#8221; _builder_version=&#8221;4.16&#8243; background_color=&#8221;#f2f5f7&#8243; custom_padding=&#8221;120px||120px|&#8221; global_colors_info=&#8221;{}&#8221;][et_pb_row column_structure=&#8221;1_2,1_4,1_4&#8243; _builder_version=&#8221;4.16&#8243; custom_margin=&#8221;|||&#8221; global_colors_info=&#8221;{}&#8221;][et_pb_column type=&#8221;1_2&#8243; _builder_version=&#8221;4.16&#8243; custom_padding=&#8221;|||&#8221; global_colors_info=&#8221;{}&#8221; custom_padding__hover=&#8221;|||&#8221;][et_pb_text _builder_version=&#8221;4.16&#8243; header_font=&#8221;||||||||&#8221; header_2_font=&#8221;Fredoka One||||||||&#8221; header_2_text_color=&#8221;#262f71&#8243; header_2_font_size=&#8221;46px&#8221; header_2_line_height=&#8221;1.3em&#8221; animation_style=&#8221;slide&#8221; animation_direction=&#8221;top&#8221; animation_intensity_slide=&#8221;5%&#8221; animation_starting_opacity=&#8221;100%&#8221; global_colors_info=&#8221;{}&#8221;]<\/p>\n<h2><strong><span style=\"font-family: Rubik;\">Kod\u0117l tur\u0117tum\u0117te rinktis mus?<\/span><\/strong><\/h2>\n<p>[\/et_pb_text][et_pb_divider color=&#8221;#6dcbef&#8221; divider_weight=&#8221;4px&#8221; _builder_version=&#8221;4.16&#8243; max_width=&#8221;60px&#8221; max_width_tablet=&#8221;13%&#8221; max_width_last_edited=&#8221;off|desktop&#8221; height=&#8221;4px&#8221; animation_style=&#8221;slide&#8221; animation_direction=&#8221;top&#8221; animation_intensity_slide=&#8221;5%&#8221; animation_starting_opacity=&#8221;100%&#8221; global_colors_info=&#8221;{}&#8221;][\/et_pb_divider][et_pb_text _builder_version=&#8221;4.24.2&#8243; text_font=&#8221;Nunito||||||||&#8221; text_font_size=&#8221;18px&#8221; text_line_height=&#8221;1.8em&#8221; animation_style=&#8221;slide&#8221; animation_direction=&#8221;top&#8221; animation_intensity_slide=&#8221;5%&#8221; animation_starting_opacity=&#8221;100%&#8221; global_colors_info=&#8221;{}&#8221;]<\/p>\n<p><span style=\"font-weight: 400;\">Mus patogu rasti ir pasiekti, tod\u0117l va\u017eiuodami automagistrale, galite u\u017esukti ir \u012fsigyti itin \u0161vie\u017eios produkcijos u\u017e \u017eenkliai ma\u017eesn\u0119 kain\u0105 nei prekybos centruose. Taip pat teikiame rekreacijos paslaugas &#8211; \u017euv\u012f galite pagauti ir \u012fsigyti patys. Jei \u017euvies pirkti nenorite, pagavus j\u0105 turite paleisti.<\/span><\/p>\n<p>[\/et_pb_text][\/et_pb_column][et_pb_column type=&#8221;1_4&#8243; _builder_version=&#8221;4.16&#8243; custom_padding=&#8221;|||&#8221; global_colors_info=&#8221;{}&#8221; custom_padding__hover=&#8221;|||&#8221;][et_pb_blurb title=&#8221;Auk\u0161tos kokyb\u0117s \u017euvis&#8221; image=&#8221;https:\/\/tvenkiniai.admoon.lt\/wp-content\/uploads\/2024\/03\/fish-1.png&#8221; image_icon_width=&#8221;50%&#8221; _builder_version=&#8221;4.24.2&#8243; header_font=&#8221;Rubik|700|||||||&#8221; header_text_align=&#8221;center&#8221; header_text_color=&#8221;#262f71&#8243; header_font_size=&#8221;20px&#8221; background_color=&#8221;#ffffff&#8221; custom_padding=&#8221;30px|20px||20px&#8221; animation_style=&#8221;fade&#8221; animation=&#8221;off&#8221; border_radii=&#8221;on|10px|10px|10px|10px&#8221; box_shadow_style=&#8221;preset3&#8243; box_shadow_color=&#8221;rgba(175,196,204,0.23)&#8221; global_colors_info=&#8221;{}&#8221;][\/et_pb_blurb][et_pb_blurb title=&#8221;Patogi lokacija&#8221; image=&#8221;https:\/\/tvenkiniai.admoon.lt\/wp-content\/uploads\/2024\/03\/location.png&#8221; image_icon_width=&#8221;50%&#8221; _builder_version=&#8221;4.24.2&#8243; header_font=&#8221;Rubik|700|||||||&#8221; header_text_align=&#8221;center&#8221; header_text_color=&#8221;#262f71&#8243; header_font_size=&#8221;20px&#8221; background_color=&#8221;#ffffff&#8221; min_height=&#8221;192px&#8221; custom_margin=&#8221;-6px|||||&#8221; custom_padding=&#8221;30px|20px||20px&#8221; animation_style=&#8221;fade&#8221; animation=&#8221;off&#8221; border_radii=&#8221;on|10px|10px|10px|10px&#8221; box_shadow_style=&#8221;preset3&#8243; box_shadow_color=&#8221;rgba(175,196,204,0.23)&#8221; locked=&#8221;off&#8221; global_colors_info=&#8221;{}&#8221;][\/et_pb_blurb][\/et_pb_column][et_pb_column type=&#8221;1_4&#8243; _builder_version=&#8221;4.16&#8243; custom_padding=&#8221;|||&#8221; global_colors_info=&#8221;{}&#8221; custom_padding__hover=&#8221;|||&#8221;][et_pb_blurb title=&#8221;Patraukli kaina&#8221; image=&#8221;https:\/\/tvenkiniai.admoon.lt\/wp-content\/uploads\/2024\/03\/euro.png&#8221; image_icon_width=&#8221;50%&#8221; _builder_version=&#8221;4.24.2&#8243; header_font=&#8221;Rubik|700|||||||&#8221; header_text_align=&#8221;center&#8221; header_text_color=&#8221;#262f71&#8243; header_font_size=&#8221;20px&#8221; background_color=&#8221;#ffffff&#8221; custom_padding=&#8221;30px|20px||20px&#8221; animation_style=&#8221;fade&#8221; animation=&#8221;off&#8221; border_radii=&#8221;on|10px|10px|10px|10px&#8221; box_shadow_style=&#8221;preset3&#8243; box_shadow_color=&#8221;rgba(175,196,204,0.23)&#8221; locked=&#8221;off&#8221; global_colors_info=&#8221;{}&#8221;][\/et_pb_blurb][et_pb_blurb title=&#8221;Rekreacin\u0117 \u017evejyba&#8221; image=&#8221;https:\/\/tvenkiniai.admoon.lt\/wp-content\/uploads\/2024\/03\/fishing.png&#8221; image_icon_width=&#8221;50%&#8221; _builder_version=&#8221;4.24.2&#8243; header_font=&#8221;Rubik|700|||||||&#8221; header_text_align=&#8221;center&#8221; header_text_color=&#8221;#262f71&#8243; header_font_size=&#8221;20px&#8221; background_color=&#8221;#ffffff&#8221; custom_padding=&#8221;37px|20px||20px||&#8221; animation_style=&#8221;fade&#8221; animation=&#8221;off&#8221; border_radii=&#8221;on|10px|10px|10px|10px&#8221; box_shadow_style=&#8221;preset3&#8243; box_shadow_color=&#8221;rgba(175,196,204,0.23)&#8221; locked=&#8221;off&#8221; global_colors_info=&#8221;{}&#8221;][\/et_pb_blurb][\/et_pb_column][\/et_pb_row][\/et_pb_section][et_pb_section fb_built=&#8221;1&#8243; prev_background_color=&#8221;#f2f5f7&#8243; admin_label=&#8221;Services&#8221; _builder_version=&#8221;4.24.2&#8243; background_color=&#8221;#55c4ed&#8221; use_background_color_gradient=&#8221;on&#8221; background_color_gradient_direction=&#8221;99deg&#8221; background_color_gradient_stops=&#8221;#3a489f 0%|#4356af 100%&#8221; background_color_gradient_start=&#8221;#55c4ed&#8221; background_color_gradient_end=&#8221;#87d4f2&#8243; background_enable_image=&#8221;off&#8221; background_size=&#8221;initial&#8221; background_blend=&#8221;overlay&#8221; custom_padding=&#8221;120px||120px|&#8221; top_divider_style=&#8221;wave&#8221; top_divider_height=&#8221;106px&#8221; global_colors_info=&#8221;{}&#8221;][et_pb_row _builder_version=&#8221;4.16&#8243; custom_margin=&#8221;30px|||&#8221; global_colors_info=&#8221;{}&#8221;][et_pb_column type=&#8221;4_4&#8243; _builder_version=&#8221;4.16&#8243; custom_padding=&#8221;|||&#8221; global_colors_info=&#8221;{}&#8221; custom_padding__hover=&#8221;|||&#8221;][et_pb_text _builder_version=&#8221;4.24.2&#8243; text_font=&#8221;||||||||&#8221; header_font=&#8221;||||||||&#8221; header_text_align=&#8221;center&#8221; header_2_font=&#8221;Fredoka One||||||||&#8221; header_2_font_size=&#8221;46px&#8221; text_orientation=&#8221;center&#8221; background_layout=&#8221;dark&#8221; max_width=&#8221;700px&#8221; module_alignment=&#8221;center&#8221; animation_style=&#8221;slide&#8221; animation_direction=&#8221;top&#8221; animation_intensity_slide=&#8221;5%&#8221; animation_starting_opacity=&#8221;100%&#8221; inline_fonts=&#8221;Rubik&#8221; global_colors_info=&#8221;{}&#8221;]<\/p>\n<h2><strong><span style=\"font-family: Rubik;\">Produktai<\/span><\/strong><\/h2>\n<p>[\/et_pb_text][et_pb_divider color=&#8221;rgba(255,255,255,0.5)&#8221; divider_weight=&#8221;4px&#8221; _builder_version=&#8221;4.16&#8243; max_width=&#8221;60px&#8221; max_width_tablet=&#8221;11%&#8221; max_width_last_edited=&#8221;off|desktop&#8221; module_alignment=&#8221;center&#8221; height=&#8221;4px&#8221; animation_style=&#8221;slide&#8221; animation_direction=&#8221;top&#8221; animation_intensity_slide=&#8221;5%&#8221; animation_starting_opacity=&#8221;100%&#8221; global_colors_info=&#8221;{}&#8221;][\/et_pb_divider][et_pb_text _builder_version=&#8221;4.24.2&#8243; text_font=&#8221;Fredoka One||||||||&#8221; text_font_size=&#8221;16px&#8221; text_orientation=&#8221;center&#8221; background_layout=&#8221;dark&#8221; max_width=&#8221;700px&#8221; module_alignment=&#8221;center&#8221; animation_style=&#8221;slide&#8221; animation_direction=&#8221;top&#8221; animation_intensity_slide=&#8221;5%&#8221; animation_starting_opacity=&#8221;100%&#8221; inline_fonts=&#8221;Albert Sans&#8221; global_colors_info=&#8221;{}&#8221;]<\/p>\n<p><span style=\"font-size: large;\"><strong><span style=\"font-family: 'Albert Sans';\">Auk\u0161tos kokyb\u0117s \u017euvis i\u0161 m\u016bs\u0173 tvenkini\u0173<\/span><\/strong><\/span><\/p>\n<p>[\/et_pb_text][\/et_pb_column][\/et_pb_row][et_pb_row column_structure=&#8221;1_3,1_3,1_3&#8243; _builder_version=&#8221;4.16&#8243; custom_margin=&#8221;30px|||&#8221; global_colors_info=&#8221;{}&#8221;][et_pb_column type=&#8221;1_3&#8243; _builder_version=&#8221;4.16&#8243; custom_padding=&#8221;|||&#8221; global_colors_info=&#8221;{}&#8221; custom_padding__hover=&#8221;|||&#8221;][et_pb_blurb title=&#8221;Karpiai&#8221; image_icon_background_color=&#8221;#FFFFFF&#8221; image=&#8221;https:\/\/tvenkiniai.admoon.lt\/wp-content\/uploads\/2024\/03\/karpis.jpg&#8221; content_max_width=&#8221;140px&#8221; image_icon_width_tablet=&#8221;80%&#8221; image_icon_width_last_edited=&#8221;off|desktop&#8221; _builder_version=&#8221;4.24.2&#8243; header_font=&#8221;Rubik|700|||||||&#8221; header_font_size=&#8221;18px&#8221; header_line_height=&#8221;1.3em&#8221; body_font=&#8221;Nunito||||||||&#8221; body_font_size=&#8221;16px&#8221; body_line_height=&#8221;1.8em&#8221; text_orientation=&#8221;center&#8221; background_layout=&#8221;dark&#8221; custom_margin=&#8221;|||&#8221; custom_padding=&#8221;|||&#8221; animation_style=&#8221;fade&#8221; animation=&#8221;off&#8221; border_radii_image=&#8221;on|10px|10px|10px|10px&#8221; border_width_all_image=&#8221;10px&#8221; border_color_all_image=&#8221;#ffffff&#8221; box_shadow_style_image=&#8221;preset3&#8243; box_shadow_color_image=&#8221;rgba(175,196,204,0.2)&#8221; image_max_width_tablet=&#8221;80%&#8221; image_max_width_last_edited=&#8221;off|desktop&#8221; inline_fonts=&#8221;Albert Sans&#8221; global_colors_info=&#8221;{}&#8221;]<\/p>\n<p><span style=\"font-family: 'Albert Sans'; font-size: medium;\">6 eur\/kg<\/span><\/p>\n<p>[\/et_pb_blurb][\/et_pb_column][et_pb_column type=&#8221;1_3&#8243; _builder_version=&#8221;4.16&#8243; custom_padding=&#8221;|||&#8221; global_colors_info=&#8221;{}&#8221; custom_padding__hover=&#8221;|||&#8221;][et_pb_blurb title=&#8221;Lynai&#8221; image_icon_background_color=&#8221;#FFFFFF&#8221; image=&#8221;https:\/\/tvenkiniai.admoon.lt\/wp-content\/uploads\/2024\/03\/lynas.jpg&#8221; content_max_width=&#8221;140px&#8221; image_icon_width_tablet=&#8221;80%&#8221; image_icon_width_last_edited=&#8221;off|desktop&#8221; _builder_version=&#8221;4.24.2&#8243; header_font=&#8221;Rubik|700|||||||&#8221; header_font_size=&#8221;18px&#8221; header_line_height=&#8221;1.3em&#8221; body_font=&#8221;Nunito||||||||&#8221; body_font_size=&#8221;16px&#8221; body_line_height=&#8221;1.8em&#8221; text_orientation=&#8221;center&#8221; background_layout=&#8221;dark&#8221; custom_margin=&#8221;|||&#8221; custom_padding=&#8221;|||&#8221; animation_style=&#8221;fade&#8221; animation=&#8221;off&#8221; border_radii_image=&#8221;on|10px|10px|10px|10px&#8221; border_width_all_image=&#8221;10px&#8221; border_color_all_image=&#8221;#ffffff&#8221; box_shadow_style_image=&#8221;preset3&#8243; box_shadow_color_image=&#8221;rgba(175,196,204,0.2)&#8221; image_max_width_tablet=&#8221;80%&#8221; image_max_width_last_edited=&#8221;off|desktop&#8221; locked=&#8221;off&#8221; inline_fonts=&#8221;Albert Sans&#8221; global_colors_info=&#8221;{}&#8221;]<\/p>\n<p><span style=\"font-family: 'Albert Sans'; font-size: medium;\">8 eur\/kg<\/span><\/p>\n<p>[\/et_pb_blurb][\/et_pb_column][et_pb_column type=&#8221;1_3&#8243; _builder_version=&#8221;4.16&#8243; custom_padding=&#8221;|||&#8221; global_colors_info=&#8221;{}&#8221; custom_padding__hover=&#8221;|||&#8221;][et_pb_blurb title=&#8221;Lydekos&#8221; image_icon_background_color=&#8221;#FFFFFF&#8221; image=&#8221;https:\/\/tvenkiniai.admoon.lt\/wp-content\/uploads\/2024\/03\/lydeka.jpg&#8221; content_max_width=&#8221;140px&#8221; image_icon_width_tablet=&#8221;80%&#8221; image_icon_width_last_edited=&#8221;off|desktop&#8221; _builder_version=&#8221;4.24.2&#8243; header_font=&#8221;Rubik|700|||||||&#8221; header_font_size=&#8221;18px&#8221; header_line_height=&#8221;1.3em&#8221; body_font=&#8221;Nunito||||||||&#8221; body_font_size=&#8221;16px&#8221; body_line_height=&#8221;1.8em&#8221; text_orientation=&#8221;center&#8221; background_layout=&#8221;dark&#8221; custom_margin=&#8221;|||&#8221; custom_padding=&#8221;|||&#8221; animation_style=&#8221;fade&#8221; animation=&#8221;off&#8221; border_radii_image=&#8221;on|10px|10px|10px|10px&#8221; border_width_all_image=&#8221;10px&#8221; border_color_all_image=&#8221;#ffffff&#8221; box_shadow_style_image=&#8221;preset3&#8243; box_shadow_color_image=&#8221;rgba(175,196,204,0.2)&#8221; image_max_width_tablet=&#8221;80%&#8221; image_max_width_last_edited=&#8221;off|desktop&#8221; locked=&#8221;off&#8221; inline_fonts=&#8221;Albert Sans&#8221; global_colors_info=&#8221;{}&#8221;]<\/p>\n<p><span style=\"font-family: 'Albert Sans'; font-size: medium;\">15 eur\/kg<\/span><\/p>\n<p>[\/et_pb_blurb][\/et_pb_column][\/et_pb_row][et_pb_row column_structure=&#8221;1_3,1_3,1_3&#8243; _builder_version=&#8221;4.24.2&#8243; custom_margin=&#8221;30px|||&#8221; locked=&#8221;off&#8221; global_colors_info=&#8221;{}&#8221;][et_pb_column type=&#8221;1_3&#8243; _builder_version=&#8221;4.16&#8243; custom_padding=&#8221;|||&#8221; global_colors_info=&#8221;{}&#8221; custom_padding__hover=&#8221;|||&#8221;][et_pb_blurb title=&#8221;Karosai&#8221; image_icon_background_color=&#8221;#FFFFFF&#8221; image=&#8221;https:\/\/tvenkiniai.admoon.lt\/wp-content\/uploads\/2024\/03\/karosas.jpg&#8221; content_max_width=&#8221;140px&#8221; image_icon_width_tablet=&#8221;80%&#8221; image_icon_width_last_edited=&#8221;off|desktop&#8221; _builder_version=&#8221;4.24.2&#8243; header_font=&#8221;Rubik|700|||||||&#8221; header_font_size=&#8221;18px&#8221; header_line_height=&#8221;1.3em&#8221; body_font=&#8221;Nunito||||||||&#8221; body_font_size=&#8221;16px&#8221; body_line_height=&#8221;1.8em&#8221; text_orientation=&#8221;center&#8221; background_layout=&#8221;dark&#8221; custom_margin=&#8221;|||&#8221; custom_padding=&#8221;|||&#8221; animation_style=&#8221;fade&#8221; animation=&#8221;off&#8221; border_radii_image=&#8221;on|10px|10px|10px|10px&#8221; border_width_all_image=&#8221;10px&#8221; border_color_all_image=&#8221;#ffffff&#8221; box_shadow_style_image=&#8221;preset3&#8243; box_shadow_color_image=&#8221;rgba(175,196,204,0.2)&#8221; image_max_width_tablet=&#8221;80%&#8221; image_max_width_last_edited=&#8221;off|desktop&#8221; inline_fonts=&#8221;Albert Sans&#8221; global_colors_info=&#8221;{}&#8221;]<\/p>\n<p><span style=\"font-family: 'Albert Sans'; font-size: medium;\">4 eur\/kg<\/span><\/p>\n<p>[\/et_pb_blurb][\/et_pb_column][et_pb_column type=&#8221;1_3&#8243; _builder_version=&#8221;4.16&#8243; custom_padding=&#8221;|||&#8221; global_colors_info=&#8221;{}&#8221; custom_padding__hover=&#8221;|||&#8221;][et_pb_blurb title=&#8221;E\u0161eriai&#8221; image_icon_background_color=&#8221;#FFFFFF&#8221; image=&#8221;https:\/\/tvenkiniai.admoon.lt\/wp-content\/uploads\/2024\/03\/eserys.jpg&#8221; content_max_width=&#8221;140px&#8221; image_icon_width_tablet=&#8221;80%&#8221; image_icon_width_last_edited=&#8221;off|desktop&#8221; _builder_version=&#8221;4.24.2&#8243; header_font=&#8221;Rubik|700|||||||&#8221; header_font_size=&#8221;18px&#8221; header_line_height=&#8221;1.3em&#8221; body_font=&#8221;Nunito||||||||&#8221; body_font_size=&#8221;16px&#8221; body_line_height=&#8221;1.8em&#8221; text_orientation=&#8221;center&#8221; background_layout=&#8221;dark&#8221; custom_margin=&#8221;|||&#8221; custom_padding=&#8221;|||&#8221; animation_style=&#8221;fade&#8221; animation=&#8221;off&#8221; border_radii_image=&#8221;on|10px|10px|10px|10px&#8221; border_width_all_image=&#8221;10px&#8221; border_color_all_image=&#8221;#ffffff&#8221; box_shadow_style_image=&#8221;preset3&#8243; box_shadow_color_image=&#8221;rgba(175,196,204,0.2)&#8221; image_max_width_tablet=&#8221;80%&#8221; image_max_width_last_edited=&#8221;off|desktop&#8221; locked=&#8221;off&#8221; inline_fonts=&#8221;Albert Sans&#8221; global_colors_info=&#8221;{}&#8221;]<\/p>\n<p><span style=\"font-family: 'Albert Sans'; font-size: medium;\">4 eur\/kg<\/span><\/p>\n<p>[\/et_pb_blurb][\/et_pb_column][et_pb_column type=&#8221;1_3&#8243; _builder_version=&#8221;4.16&#8243; custom_padding=&#8221;|||&#8221; global_colors_info=&#8221;{}&#8221; custom_padding__hover=&#8221;|||&#8221;][et_pb_blurb title=&#8221;\u0160amai&#8221; image_icon_background_color=&#8221;#FFFFFF&#8221; image=&#8221;https:\/\/tvenkiniai.admoon.lt\/wp-content\/uploads\/2024\/03\/samas.jpg&#8221; content_max_width=&#8221;140px&#8221; image_icon_width_tablet=&#8221;80%&#8221; image_icon_width_last_edited=&#8221;off|desktop&#8221; _builder_version=&#8221;4.24.2&#8243; header_font=&#8221;Rubik|700|||||||&#8221; header_font_size=&#8221;18px&#8221; header_line_height=&#8221;1.3em&#8221; body_font=&#8221;Nunito||||||||&#8221; body_font_size=&#8221;16px&#8221; body_line_height=&#8221;1.8em&#8221; text_orientation=&#8221;center&#8221; background_layout=&#8221;dark&#8221; custom_margin=&#8221;|||&#8221; custom_padding=&#8221;|||&#8221; animation_style=&#8221;fade&#8221; animation=&#8221;off&#8221; border_radii_image=&#8221;on|10px|10px|10px|10px&#8221; border_width_all_image=&#8221;10px&#8221; border_color_all_image=&#8221;#ffffff&#8221; box_shadow_style_image=&#8221;preset3&#8243; box_shadow_color_image=&#8221;rgba(175,196,204,0.2)&#8221; image_max_width_tablet=&#8221;80%&#8221; image_max_width_last_edited=&#8221;off|desktop&#8221; locked=&#8221;off&#8221; inline_fonts=&#8221;Albert Sans&#8221; global_colors_info=&#8221;{}&#8221;]<\/p>\n<p><span style=\"font-family: 'Albert Sans'; font-size: medium;\">7 eur\/kg<\/span><\/p>\n<p>[\/et_pb_blurb][\/et_pb_column][\/et_pb_row][\/et_pb_section]<\/p>\n","protected":false},"excerpt":{"rendered":"<p>M\u016bs\u0173 produkcija Pa\u010di\u0173 u\u017eauginta \u017euvis ir pigesn\u0117, ir skanesn\u0117! U\u017esukite ir \u012fsitikinkite patys!Kod\u0117l tur\u0117tum\u0117te rinktis mus?Mus patogu rasti ir pasiekti, tod\u0117l va\u017eiuodami automagistrale, galite u\u017esukti ir \u012fsigyti itin \u0161vie\u017eios produkcijos u\u017e \u017eenkliai ma\u017eesn\u0119 kain\u0105 nei prekybos centruose. Taip pat teikiame rekreacijos paslaugas &#8211; \u017euv\u012f galite pagauti ir \u012fsigyti patys. Jei \u017euvies pirkti nenorite, pagavus j\u0105 [&hellip;]<\/p>\n","protected":false},"author":1,"featured_media":0,"parent":0,"menu_order":0,"comment_status":"closed","ping_status":"closed","template":"","meta":{"_et_pb_use_builder":"on","_et_pb_old_content":"","_et_gb_content_width":"","footnotes":""},"_links":{"self":[{"href":"https:\/\/tvenkiniai.admoon.lt\/index.php\/wp-json\/wp\/v2\/pages\/103"}],"collection":[{"href":"https:\/\/tvenkiniai.admoon.lt\/index.php\/wp-json\/wp\/v2\/pages"}],"about":[{"href":"https:\/\/tvenkiniai.admoon.lt\/index.php\/wp-json\/wp\/v2\/types\/page"}],"author":[{"embeddable":true,"href":"https:\/\/tvenkiniai.admoon.lt\/index.php\/wp-json\/wp\/v2\/users\/1"}],"replies":[{"embeddable":true,"href":"https:\/\/tvenkiniai.admoon.lt\/index.php\/wp-json\/wp\/v2\/comments?post=103"}],"version-history":[{"count":12,"href":"https:\/\/tvenkiniai.admoon.lt\/index.php\/wp-json\/wp\/v2\/pages\/103\/revisions"}],"predecessor-version":[{"id":238,"href":"https:\/\/tvenkiniai.admoon.lt\/index.php\/wp-json\/wp\/v2\/pages\/103\/revisions\/238"}],"wp:attachment":[{"href":"https:\/\/tvenkiniai.admoon.lt\/index.php\/wp-json\/wp\/v2\/media?parent=103"}],"curies":[{"name":"wp","href":"https:\/\/api.w.org\/{rel}","templated":true}]}}