{"id":142,"date":"2024-03-28T19:11:41","date_gmt":"2024-03-28T19:11:41","guid":{"rendered":"https:\/\/tvenkiniai.admoon.lt\/?page_id=142"},"modified":"2024-04-18T11:38:11","modified_gmt":"2024-04-18T11:38:11","slug":"rekreacine-zvejyba","status":"publish","type":"page","link":"https:\/\/tvenkiniai.admoon.lt\/index.php\/rekreacine-zvejyba\/","title":{"rendered":"Rekreacine \u017evejyba"},"content":{"rendered":"<p>[et_pb_section fb_built=&#8221;1&#8243; next_background_color=&#8221;#f2f5f7&#8243; admin_label=&#8221;Hero&#8221; _builder_version=&#8221;4.24.2&#8243; background_color=&#8221;#fa97b4&#8243; use_background_color_gradient=&#8221;on&#8221; background_color_gradient_direction=&#8221;102deg&#8221; background_color_gradient_stops=&#8221;#3a489f 0%|#4356af 100%&#8221; background_color_gradient_start=&#8221;#fa97b4&#8243; background_color_gradient_end=&#8221;#feb2c7&#8243; background_image=&#8221;https:\/\/tvenkiniai.admoon.lt\/wp-content\/uploads\/2024\/03\/lonely-fisherman-angling-foggy-lake-early-morning-just-after-golden-sunrise-scaled.jpg&#8221; background_blend=&#8221;screen&#8221; custom_padding=&#8221;120px||120px|&#8221; bottom_divider_style=&#8221;wave2&#8243; bottom_divider_height=&#8221;150px&#8221; global_colors_info=&#8221;{}&#8221;][et_pb_row _builder_version=&#8221;4.16&#8243; background_size=&#8221;initial&#8221; background_position=&#8221;top_left&#8221; background_repeat=&#8221;repeat&#8221; global_colors_info=&#8221;{}&#8221;][et_pb_column type=&#8221;4_4&#8243; _builder_version=&#8221;4.16&#8243; custom_padding=&#8221;|||&#8221; global_colors_info=&#8221;{}&#8221; custom_padding__hover=&#8221;|||&#8221;][et_pb_text admin_label=&#8221;Title &#8221; _builder_version=&#8221;4.16&#8243; text_font=&#8221;Nunito||||||||&#8221; text_font_size=&#8221;18px&#8221; text_line_height=&#8221;1.8em&#8221; header_font=&#8221;Fredoka One||||||||&#8221; header_font_size=&#8221;52px&#8221; header_line_height=&#8221;1.3em&#8221; text_orientation=&#8221;center&#8221; background_layout=&#8221;dark&#8221; max_width=&#8221;700px&#8221; module_alignment=&#8221;center&#8221; custom_margin=&#8221;||10px|&#8221; animation_style=&#8221;fade&#8221; inline_fonts=&#8221;Rubik,Albert Sans&#8221; global_colors_info=&#8221;{}&#8221;]<\/p>\n<h1><strong><span style=\"color: #262f71; font-family: Rubik;\">Rekreacin\u0117 \u017evejyba<\/span><\/strong><\/h1>\n<p><strong><span style=\"color: #262f71; font-family: 'Albert Sans';\">Vandens turizmo bei m\u0117g\u0117ji\u0161kos \u017e\u016bkl\u0117s pramogos m\u016bs\u0173 tvenkiniuose<\/span><\/strong><\/p>\n<p>[\/et_pb_text][\/et_pb_column][\/et_pb_row][\/et_pb_section][et_pb_section fb_built=&#8221;1&#8243; admin_label=&#8221;Features&#8221; _builder_version=&#8221;4.16&#8243; background_color=&#8221;#f2f5f7&#8243; custom_padding=&#8221;120px||120px|&#8221; global_colors_info=&#8221;{}&#8221;][et_pb_row column_structure=&#8221;1_2,1_2&#8243; _builder_version=&#8221;4.16&#8243; custom_margin=&#8221;|||&#8221; animation_style=&#8221;fade&#8221; locked=&#8221;off&#8221; global_colors_info=&#8221;{}&#8221;][et_pb_column type=&#8221;1_2&#8243; _builder_version=&#8221;4.16&#8243; custom_padding=&#8221;8%|||&#8221; global_colors_info=&#8221;{}&#8221; custom_padding__hover=&#8221;|||&#8221;][et_pb_text _builder_version=&#8221;4.24.2&#8243; header_font=&#8221;||||||||&#8221; header_2_font=&#8221;Fredoka One||||||||&#8221; header_2_text_color=&#8221;#262f71&#8243; header_2_font_size=&#8221;46px&#8221; header_2_line_height=&#8221;1.3em&#8221; animation_style=&#8221;slide&#8221; animation_direction=&#8221;top&#8221; animation_intensity_slide=&#8221;5%&#8221; animation_starting_opacity=&#8221;100%&#8221; inline_fonts=&#8221;Rubik&#8221; global_colors_info=&#8221;{}&#8221;]<\/p>\n<h2><strong><span style=\"font-family: Rubik;\">Atpalaiduokite siel\u0105<\/span><\/strong><\/h2>\n<p>[\/et_pb_text][et_pb_divider color=&#8221;#6dcbef&#8221; divider_weight=&#8221;4px&#8221; _builder_version=&#8221;4.16&#8243; max_width=&#8221;60px&#8221; max_width_tablet=&#8221;13%&#8221; max_width_last_edited=&#8221;off|desktop&#8221; height=&#8221;4px&#8221; animation_style=&#8221;slide&#8221; animation_direction=&#8221;top&#8221; animation_intensity_slide=&#8221;5%&#8221; animation_starting_opacity=&#8221;100%&#8221; global_colors_info=&#8221;{}&#8221;][\/et_pb_divider][et_pb_text _builder_version=&#8221;4.16&#8243; text_font=&#8221;Nunito||||||||&#8221; text_text_color=&#8221;#7f808c&#8221; text_font_size=&#8221;18px&#8221; text_line_height=&#8221;1.8em&#8221; animation_style=&#8221;slide&#8221; animation_intensity_slide=&#8221;5%&#8221; animation_starting_opacity=&#8221;100%&#8221; global_colors_info=&#8221;{}&#8221;]<\/p>\n<p><span style=\"font-weight: 400;\">Jeigu norite atsip\u016bsti \u017evejojant nuostabios gamtos apsuptyje, t\u0105 galite padaryti pas mus!<\/span><\/p>\n<p><span style=\"font-weight: 400;\">M\u016bs\u0173 tvenkiniuose \u017evejoti galite \u012fmon\u0117s darbo metu, o sugaut\u0105 \u017euv\u012f galite \u012fsigyti arba laikytis pagavai\u2013paleisk principo.<\/span><\/p>\n<p><strong>Kaina: 30 eur\u0173 asmeniui.<\/strong><\/p>\n<p>&nbsp;<\/p>\n<p>[\/et_pb_text][\/et_pb_column][et_pb_column type=&#8221;1_2&#8243; _builder_version=&#8221;4.16&#8243; custom_padding=&#8221;|||&#8221; global_colors_info=&#8221;{}&#8221; custom_padding__hover=&#8221;|||&#8221;][et_pb_image src=&#8221;https:\/\/tvenkiniai.admoon.lt\/wp-content\/uploads\/2024\/03\/fishing-1.png&#8221; title_text=&#8221;fishing&#8221; force_fullwidth=&#8221;on&#8221; align_tablet=&#8221;center&#8221; align_phone=&#8221;center&#8221; align_last_edited=&#8221;on|desktop&#8221; _builder_version=&#8221;4.24.2&#8243; animation_style=&#8221;fade&#8221; global_colors_info=&#8221;{}&#8221;][\/et_pb_image][\/et_pb_column][\/et_pb_row][et_pb_row _builder_version=&#8221;4.24.2&#8243; _module_preset=&#8221;default&#8221;][et_pb_column _builder_version=&#8221;4.24.2&#8243; _module_preset=&#8221;default&#8221; type=&#8221;4_4&#8243;][et_pb_divider color=&#8221;#6dcbef&#8221; divider_weight=&#8221;4px&#8221; _builder_version=&#8221;4.24.2&#8243; width=&#8221;100%&#8221; max_width=&#8221;60px&#8221; max_width_tablet=&#8221;13%&#8221; max_width_last_edited=&#8221;off|desktop&#8221; module_alignment=&#8221;center&#8221; height=&#8221;4px&#8221; animation_style=&#8221;slide&#8221; animation_direction=&#8221;top&#8221; animation_intensity_slide=&#8221;5%&#8221; animation_starting_opacity=&#8221;100%&#8221; global_colors_info=&#8221;{}&#8221; locked=&#8221;off&#8221;][\/et_pb_divider][et_pb_text _builder_version=&#8221;4.16&#8243; text_font=&#8221;Nunito||||||||&#8221; text_font_size=&#8221;18px&#8221; text_line_height=&#8221;1.8em&#8221; animation_style=&#8221;slide&#8221; animation_direction=&#8221;top&#8221; animation_intensity_slide=&#8221;5%&#8221; animation_starting_opacity=&#8221;100%&#8221; global_colors_info=&#8221;{}&#8221; locked=&#8221;off&#8221;]<\/p>\n<p style=\"text-align: left;\"><span>Atvyk\u0119 pas mus gal\u0117site \u017evejoti tvenkiniuose nr. 23, nr. 11, nr. 3, nr.5, kurie skirti komercinei \u017e\u016bklei. <\/span><\/p>\n<p style=\"text-align: left;\"><span>I\u0161 anksto suderin\u0119 laik\u0105 ir viet\u0105 jus gal\u0117site pasim\u0117gauti laisvalaikiu su me\u0161kere. <strong>1 dienos<\/strong> kaina nuo 8 val. iki 20 val. &#8211; <strong>30 eur<\/strong>, u\u017e \u0161\u012f mokest\u012f j\u016bs gal\u0117site susigauti\u00a0 iki 5 kg. \u017euvies, u\u017e vir\u0161yt\u0105 svor\u012f ( vir\u0161 5 kg. ) u\u017e 1 kg. &#8211; 5 eur. <\/span><\/p>\n<p style=\"text-align: left;\"><span>Tvenkinys daugiau kaip 5 metai nebuvo i\u0161leistas ir pastoviai papildomas nauja \u017euvimi. \u0160iame tvenkinyje galite pagauti \u012fsp\u016bding\u0173 laimiki\u0173!<\/span><\/p>\n<p style=\"text-align: left;\"><strong>Tel. rezervacijai: 8 698 29498<\/strong><\/p>\n<p>[\/et_pb_text][\/et_pb_column][\/et_pb_row][\/et_pb_section]<\/p>\n","protected":false},"excerpt":{"rendered":"<p>Rekreacin\u0117 \u017evejyba Vandens turizmo bei m\u0117g\u0117ji\u0161kos \u017e\u016bkl\u0117s pramogos m\u016bs\u0173 tvenkiniuoseAtpalaiduokite siel\u0105Jeigu norite atsip\u016bsti \u017evejojant nuostabios gamtos apsuptyje, t\u0105 galite padaryti pas mus! M\u016bs\u0173 tvenkiniuose \u017evejoti galite \u012fmon\u0117s darbo metu, o sugaut\u0105 \u017euv\u012f galite \u012fsigyti arba laikytis pagavai\u2013paleisk principo. Kaina: 30 eur\u0173 asmeniui. &nbsp;Atvyk\u0119 pas mus gal\u0117site \u017evejoti tvenkiniuose nr. 23, nr. 11, nr. 3, nr.5, [&hellip;]<\/p>\n","protected":false},"author":1,"featured_media":0,"parent":0,"menu_order":0,"comment_status":"closed","ping_status":"closed","template":"","meta":{"_et_pb_use_builder":"on","_et_pb_old_content":"","_et_gb_content_width":"","footnotes":""},"_links":{"self":[{"href":"https:\/\/tvenkiniai.admoon.lt\/index.php\/wp-json\/wp\/v2\/pages\/142"}],"collection":[{"href":"https:\/\/tvenkiniai.admoon.lt\/index.php\/wp-json\/wp\/v2\/pages"}],"about":[{"href":"https:\/\/tvenkiniai.admoon.lt\/index.php\/wp-json\/wp\/v2\/types\/page"}],"author":[{"embeddable":true,"href":"https:\/\/tvenkiniai.admoon.lt\/index.php\/wp-json\/wp\/v2\/users\/1"}],"replies":[{"embeddable":true,"href":"https:\/\/tvenkiniai.admoon.lt\/index.php\/wp-json\/wp\/v2\/comments?post=142"}],"version-history":[{"count":10,"href":"https:\/\/tvenkiniai.admoon.lt\/index.php\/wp-json\/wp\/v2\/pages\/142\/revisions"}],"predecessor-version":[{"id":240,"href":"https:\/\/tvenkiniai.admoon.lt\/index.php\/wp-json\/wp\/v2\/pages\/142\/revisions\/240"}],"wp:attachment":[{"href":"https:\/\/tvenkiniai.admoon.lt\/index.php\/wp-json\/wp\/v2\/media?parent=142"}],"curies":[{"name":"wp","href":"https:\/\/api.w.org\/{rel}","templated":true}]}}