{"id":163,"date":"2024-03-28T19:10:45","date_gmt":"2024-03-28T19:10:45","guid":{"rendered":"https:\/\/tvenkiniai.admoon.lt\/?page_id=163"},"modified":"2024-04-04T11:37:32","modified_gmt":"2024-04-04T11:37:32","slug":"gamtotvarkos-plano-igyvendinimas","status":"publish","type":"page","link":"https:\/\/tvenkiniai.admoon.lt\/index.php\/gamtotvarkos-plano-igyvendinimas\/","title":{"rendered":"Gamtotvarkos plano \u012fgyvendinimas"},"content":{"rendered":"<p>[et_pb_section fb_built=&#8221;1&#8243; next_background_color=&#8221;#f2f5f7&#8243; admin_label=&#8221;Hero&#8221; _builder_version=&#8221;4.24.2&#8243; background_color=&#8221;#FFFFFF&#8221; use_background_color_gradient=&#8221;on&#8221; background_color_gradient_direction=&#8221;102deg&#8221; background_color_gradient_stops=&#8221;rgba(42,71,175,0) 0%|#4d4d9e 100%&#8221; background_color_gradient_start=&#8221;#fa97b4&#8243; background_color_gradient_end=&#8221;#feb2c7&#8243; background_image=&#8221;https:\/\/tvenkiniai.admoon.lt\/wp-content\/uploads\/2024\/03\/beautiful-landscape-mother-nature-scaled.jpg&#8221; background_blend=&#8221;screen&#8221; custom_padding=&#8221;120px||120px|&#8221; bottom_divider_style=&#8221;wave2&#8243; bottom_divider_height=&#8221;150px&#8221; locked=&#8221;off&#8221; global_colors_info=&#8221;{}&#8221;][et_pb_row _builder_version=&#8221;4.16&#8243; background_size=&#8221;initial&#8221; background_position=&#8221;top_left&#8221; background_repeat=&#8221;repeat&#8221; global_colors_info=&#8221;{}&#8221;][et_pb_column type=&#8221;4_4&#8243; _builder_version=&#8221;4.16&#8243; custom_padding=&#8221;|||&#8221; global_colors_info=&#8221;{}&#8221; custom_padding__hover=&#8221;|||&#8221;][et_pb_text admin_label=&#8221;Title &#8221; _builder_version=&#8221;4.16&#8243; text_font=&#8221;Nunito||||||||&#8221; text_font_size=&#8221;18px&#8221; text_line_height=&#8221;1.8em&#8221; header_font=&#8221;Fredoka One||||||||&#8221; header_font_size=&#8221;52px&#8221; header_line_height=&#8221;1.3em&#8221; text_orientation=&#8221;center&#8221; background_layout=&#8221;dark&#8221; max_width=&#8221;700px&#8221; module_alignment=&#8221;center&#8221; custom_margin=&#8221;||10px|&#8221; animation_style=&#8221;fade&#8221; inline_fonts=&#8221;Rubik,Albert Sans&#8221; global_colors_info=&#8221;{}&#8221;]<\/p>\n<h1><span style=\"color: #ffffff;\"><strong><span style=\"font-family: Rubik;\">Gamtotvarkos plano \u012fgyvendinimas<\/span><\/strong><\/span><\/h1>\n<p>[\/et_pb_text][\/et_pb_column][\/et_pb_row][\/et_pb_section][et_pb_section fb_built=&#8221;1&#8243; admin_label=&#8221;Features&#8221; _builder_version=&#8221;4.16&#8243; background_color=&#8221;#f2f5f7&#8243; custom_padding=&#8221;120px||120px|&#8221; global_colors_info=&#8221;{}&#8221;][et_pb_row _builder_version=&#8221;4.24.2&#8243; custom_margin=&#8221;|||&#8221; global_colors_info=&#8221;{}&#8221;][et_pb_column type=&#8221;4_4&#8243; _builder_version=&#8221;4.16&#8243; custom_padding=&#8221;|||&#8221; global_colors_info=&#8221;{}&#8221; custom_padding__hover=&#8221;|||&#8221;][et_pb_text _builder_version=&#8221;4.16&#8243; header_font=&#8221;||||||||&#8221; header_2_font=&#8221;Fredoka One||||||||&#8221; header_2_text_color=&#8221;#262f71&#8243; header_2_font_size=&#8221;46px&#8221; header_2_line_height=&#8221;1.3em&#8221; animation_style=&#8221;slide&#8221; animation_direction=&#8221;top&#8221; animation_intensity_slide=&#8221;5%&#8221; animation_starting_opacity=&#8221;100%&#8221; inline_fonts=&#8221;Rubik&#8221; global_colors_info=&#8221;{}&#8221;]<\/p>\n<h2 style=\"text-align: center;\"><strong><span style=\"font-family: Rubik;\">Gamtotvarkos plano tikslai<\/span><\/strong><\/h2>\n<p>[\/et_pb_text][et_pb_divider color=&#8221;#6dcbef&#8221; divider_weight=&#8221;4px&#8221; _builder_version=&#8221;4.24.2&#8243; width=&#8221;100%&#8221; max_width=&#8221;60px&#8221; max_width_tablet=&#8221;13%&#8221; max_width_last_edited=&#8221;off|desktop&#8221; module_alignment=&#8221;center&#8221; height=&#8221;4px&#8221; animation_style=&#8221;slide&#8221; animation_direction=&#8221;top&#8221; animation_intensity_slide=&#8221;5%&#8221; animation_starting_opacity=&#8221;100%&#8221; global_colors_info=&#8221;{}&#8221;][\/et_pb_divider][et_pb_text _builder_version=&#8221;4.16&#8243; text_font=&#8221;Nunito||||||||&#8221; text_font_size=&#8221;18px&#8221; text_line_height=&#8221;1.8em&#8221; animation_style=&#8221;slide&#8221; animation_direction=&#8221;top&#8221; animation_intensity_slide=&#8221;5%&#8221; animation_starting_opacity=&#8221;100%&#8221; global_colors_info=&#8221;{}&#8221;]<\/p>\n<p style=\"text-align: center;\"><span style=\"font-weight: 400;\">Pagrindinis tikslas palaikyti dabartin\u0119 <\/span><b>ir<\/b><span style=\"font-weight: 400;\">\u00a0 pagausinti rudakaklio krago, did\u017eiojo baublio, gulb\u0117s giesminink\u0117s, \u0161auk\u0161tasnap\u0117s anties, nendrin\u0117s ling\u0117s, ma\u017eosios\u00a0 \u017euv\u0117dros<\/span><span style=\"font-weight: 400;\">, <\/span><span style=\"font-weight: 400;\">juodosios \u017euv\u0117dros<\/span><span style=\"font-weight: 400;\">\u00a0 <\/span><span style=\"font-weight: 400;\">pemp\u0117s, perk\u016bno o\u017eelio, upinio kirliko, griciuko, raudonkojis tuliko<\/span><span style=\"font-weight: 400;\"> perin\u010di\u0105 populiacij\u0105, atkurti i\u0161nykusias upini\u0173 \u017euv\u0117dr\u0173 ir ma\u017e\u0173j\u0173 kir\u0173 salose perin\u010dias kolonijas.<\/span><\/p>\n<p style=\"text-align: center;\"><span style=\"font-weight: 400;\">Antraeilis tikslas yra palaikyti dabartin\u0119 <\/span><b>ir<\/b><span style=\"font-weight: 400;\">\u00a0 pagausinti did\u017eiojo dan\u010diasnapio bei kit\u0173 saugom\u0173 pauk\u0161\u010di\u0173 r\u016b\u0161i\u0173 perin\u010di\u0173 populiacij\u0173 b\u016bkl\u0119, i\u0161saugoti svarbias juodojo gandro ir kit\u0173, gretimose teritorijose perin\u010di\u0173, pauk\u0161\u010di\u0173 maitinimosi vietas, o taip pat gerinti sankaupas formuojan\u010di\u0173 migruojan\u010di\u0173 vandens ir pelki\u0173 pauk\u0161\u010di\u0173, buveini\u0173 b\u016bkl\u0119.<\/span><b><i> Planuojama pagausinti\u00a0 ir\u00a0 i\u0161laikyti dabartin\u0119 r\u016b\u0161i\u0173 populiacij\u0105<\/i><\/b><\/p>\n<p>[\/et_pb_text][\/et_pb_column][\/et_pb_row][\/et_pb_section][et_pb_section fb_built=&#8221;1&#8243; prev_background_color=&#8221;#f2f5f7&#8243; admin_label=&#8221;Services&#8221; _builder_version=&#8221;4.24.2&#8243; background_color=&#8221;#55c4ed&#8221; use_background_color_gradient=&#8221;on&#8221; background_color_gradient_direction=&#8221;99deg&#8221; background_color_gradient_stops=&#8221;#55c4ed 0%|#87d4f2 100%&#8221; background_color_gradient_start=&#8221;#55c4ed&#8221; background_color_gradient_end=&#8221;#87d4f2&#8243; background_enable_image=&#8221;off&#8221; background_size=&#8221;initial&#8221; background_blend=&#8221;overlay&#8221; custom_padding=&#8221;120px||120px|&#8221; top_divider_style=&#8221;wave&#8221; top_divider_height=&#8221;106px&#8221; global_colors_info=&#8221;{}&#8221;][et_pb_row _builder_version=&#8221;4.16&#8243; custom_margin=&#8221;30px|||&#8221; global_colors_info=&#8221;{}&#8221;][et_pb_column type=&#8221;4_4&#8243; _builder_version=&#8221;4.16&#8243; custom_padding=&#8221;|||&#8221; global_colors_info=&#8221;{}&#8221; custom_padding__hover=&#8221;|||&#8221;][et_pb_text _builder_version=&#8221;4.24.2&#8243; text_font=&#8221;Fredoka One||||||||&#8221; text_font_size=&#8221;16px&#8221; text_orientation=&#8221;center&#8221; background_layout=&#8221;dark&#8221; max_width=&#8221;700px&#8221; module_alignment=&#8221;center&#8221; animation_style=&#8221;slide&#8221; animation_direction=&#8221;top&#8221; animation_intensity_slide=&#8221;5%&#8221; animation_starting_opacity=&#8221;100%&#8221; inline_fonts=&#8221;Rubik&#8221; global_colors_info=&#8221;{}&#8221;]<\/p>\n<p><span style=\"font-size: xx-large;\"><span style=\"font-family: Rubik;\">Mums r\u016bpi Padievy\u010dio kra\u0161tovaizd\u017eio draustinio i\u0161saugojimas<\/span><\/span><\/p>\n<p>[\/et_pb_text][\/et_pb_column][\/et_pb_row][et_pb_row column_structure=&#8221;1_3,1_3,1_3&#8243; _builder_version=&#8221;4.16&#8243; custom_margin=&#8221;30px|||&#8221; global_colors_info=&#8221;{}&#8221;][et_pb_column type=&#8221;1_3&#8243; _builder_version=&#8221;4.16&#8243; custom_padding=&#8221;|||&#8221; global_colors_info=&#8221;{}&#8221; custom_padding__hover=&#8221;|||&#8221;][et_pb_image src=&#8221;https:\/\/tvenkiniai.admoon.lt\/wp-content\/uploads\/2024\/03\/1_.jpg&#8221; title_text=&#8221;1_&#8221; _builder_version=&#8221;4.24.2&#8243; _module_preset=&#8221;default&#8221; locked=&#8221;off&#8221; global_colors_info=&#8221;{}&#8221;][\/et_pb_image][\/et_pb_column][et_pb_column type=&#8221;1_3&#8243; _builder_version=&#8221;4.16&#8243; custom_padding=&#8221;|||&#8221; global_colors_info=&#8221;{}&#8221; custom_padding__hover=&#8221;|||&#8221;][et_pb_image src=&#8221;https:\/\/tvenkiniai.admoon.lt\/wp-content\/uploads\/2024\/03\/2.jpg&#8221; title_text=&#8221;2&#8243; _builder_version=&#8221;4.24.2&#8243; _module_preset=&#8221;default&#8221; locked=&#8221;off&#8221; global_colors_info=&#8221;{}&#8221;][\/et_pb_image][\/et_pb_column][et_pb_column type=&#8221;1_3&#8243; _builder_version=&#8221;4.16&#8243; custom_padding=&#8221;|||&#8221; global_colors_info=&#8221;{}&#8221; custom_padding__hover=&#8221;|||&#8221;][et_pb_image src=&#8221;https:\/\/tvenkiniai.admoon.lt\/wp-content\/uploads\/2024\/03\/3.jpg&#8221; title_text=&#8221;3&#8243; _builder_version=&#8221;4.24.2&#8243; _module_preset=&#8221;default&#8221; locked=&#8221;off&#8221; global_colors_info=&#8221;{}&#8221;][\/et_pb_image][\/et_pb_column][\/et_pb_row][et_pb_row column_structure=&#8221;1_3,1_3,1_3&#8243; _builder_version=&#8221;4.16&#8243; custom_margin=&#8221;1px|auto||auto||&#8221; locked=&#8221;off&#8221; global_colors_info=&#8221;{}&#8221;][et_pb_column type=&#8221;1_3&#8243; _builder_version=&#8221;4.16&#8243; custom_padding=&#8221;|||&#8221; global_colors_info=&#8221;{}&#8221; custom_padding__hover=&#8221;|||&#8221;][et_pb_image src=&#8221;https:\/\/tvenkiniai.admoon.lt\/wp-content\/uploads\/2024\/03\/4.jpg&#8221; title_text=&#8221;4&#8243; _builder_version=&#8221;4.24.2&#8243; _module_preset=&#8221;default&#8221; global_colors_info=&#8221;{}&#8221;][\/et_pb_image][\/et_pb_column][et_pb_column type=&#8221;1_3&#8243; _builder_version=&#8221;4.16&#8243; custom_padding=&#8221;|||&#8221; global_colors_info=&#8221;{}&#8221; custom_padding__hover=&#8221;|||&#8221;][et_pb_image src=&#8221;https:\/\/tvenkiniai.admoon.lt\/wp-content\/uploads\/2024\/03\/5.jpg&#8221; title_text=&#8221;5&#8243; _builder_version=&#8221;4.24.2&#8243; _module_preset=&#8221;default&#8221; locked=&#8221;off&#8221; global_colors_info=&#8221;{}&#8221;][\/et_pb_image][\/et_pb_column][et_pb_column type=&#8221;1_3&#8243; _builder_version=&#8221;4.16&#8243; custom_padding=&#8221;|||&#8221; global_colors_info=&#8221;{}&#8221; custom_padding__hover=&#8221;|||&#8221;][et_pb_image src=&#8221;https:\/\/tvenkiniai.admoon.lt\/wp-content\/uploads\/2024\/03\/6.jpg&#8221; title_text=&#8221;6&#8243; _builder_version=&#8221;4.24.2&#8243; _module_preset=&#8221;default&#8221; locked=&#8221;off&#8221; global_colors_info=&#8221;{}&#8221;][\/et_pb_image][\/et_pb_column][\/et_pb_row][\/et_pb_section][et_pb_section fb_built=&#8221;1&#8243; admin_label=&#8221;Feature&#8221; _builder_version=&#8221;4.24.2&#8243; background_color=&#8221;#FFFFFF&#8221; custom_padding=&#8221;0px|0px|120px|0px||&#8221; global_colors_info=&#8221;{}&#8221;][et_pb_row _builder_version=&#8221;4.24.2&#8243; custom_margin=&#8221;|||&#8221; animation_style=&#8221;fade&#8221; global_colors_info=&#8221;{}&#8221;][et_pb_column type=&#8221;4_4&#8243; _builder_version=&#8221;4.16&#8243; custom_padding=&#8221;8%|||&#8221; global_colors_info=&#8221;{}&#8221; custom_padding__hover=&#8221;|||&#8221;][et_pb_image src=&#8221;https:\/\/tvenkiniai.admoon.lt\/wp-content\/uploads\/2024\/03\/LT-Bendrai-finansuoja-Europos-Sajunga.webp&#8221; title_text=&#8221;LT-Bendrai-finansuoja-Europos-Sajunga&#8221; align=&#8221;center&#8221; _builder_version=&#8221;4.24.2&#8243; _module_preset=&#8221;default&#8221; width=&#8221;100%&#8221; max_width=&#8221;30%&#8221; custom_padding=&#8221;||0px||false|false&#8221; global_colors_info=&#8221;{}&#8221;][\/et_pb_image][et_pb_text _builder_version=&#8221;4.16&#8243; text_font=&#8221;Nunito||||||||&#8221; text_text_color=&#8221;#7f808c&#8221; text_font_size=&#8221;18px&#8221; text_line_height=&#8221;1.8em&#8221; animation_style=&#8221;slide&#8221; animation_intensity_slide=&#8221;5%&#8221; animation_starting_opacity=&#8221;100%&#8221; global_colors_info=&#8221;{}&#8221;]<\/p>\n<p style=\"text-align: center;\">UAB Padievy\u010dio tvenkiniai \u012e.k. 303369009<br \/>PVM mok\u0117tojo kodas LT100009021510<br \/>Auk\u0161tagir\u0117s g. 6, Po\u017eer\u0117s k., LT-75421 \u0160ilal\u0117s<\/p>\n<p style=\"text-align: center;\">Lietuvos \u017euvininkyst\u0117s sektoriaus 2021\u20132027 met\u0173 programos antrojo prioriteto \u201eDarnios akvakult\u016bros<br \/>veiklos skatinimas ir \u017evejybos bei akvakult\u016bros produkt\u0173 perdirbimas ir prekyba jais, taip prisidedant prie<br \/>apr\u016bpinimo maistu saugumo S\u0105jungoje\u201c priemon\u0117 \u201eGamtotvarkos priemoni\u0173 \u012fgyvendinimas\u201c<br \/>UAB Padievy\u010dio tvenkiniai gamtotvarkos plano \u012fgyvendinimas<br \/>Periodas 2022-2027 metai imtinai<\/p>\n<p style=\"text-align: center;\"><a href=\"https:\/\/tvenkiniai.admoon.lt\/wp-content\/uploads\/2024\/04\/UAB-PADIEVYCIO-TVENKINIAI-GAMTOTVARKOS-PLANAS.pdf\">Daugiau info<\/a><\/p>\n<p style=\"text-align: center;\">\n<p>[\/et_pb_text][\/et_pb_column][\/et_pb_row][\/et_pb_section]<\/p>\n","protected":false},"excerpt":{"rendered":"<p>Gamtotvarkos plano \u012fgyvendinimasGamtotvarkos plano tikslaiPagrindinis tikslas palaikyti dabartin\u0119 ir\u00a0 pagausinti rudakaklio krago, did\u017eiojo baublio, gulb\u0117s giesminink\u0117s, \u0161auk\u0161tasnap\u0117s anties, nendrin\u0117s ling\u0117s, ma\u017eosios\u00a0 \u017euv\u0117dros, juodosios \u017euv\u0117dros\u00a0 pemp\u0117s, perk\u016bno o\u017eelio, upinio kirliko, griciuko, raudonkojis tuliko perin\u010di\u0105 populiacij\u0105, atkurti i\u0161nykusias upini\u0173 \u017euv\u0117dr\u0173 ir ma\u017e\u0173j\u0173 kir\u0173 salose perin\u010dias kolonijas. Antraeilis tikslas yra palaikyti dabartin\u0119 ir\u00a0 pagausinti did\u017eiojo dan\u010diasnapio bei kit\u0173 [&hellip;]<\/p>\n","protected":false},"author":1,"featured_media":0,"parent":0,"menu_order":0,"comment_status":"closed","ping_status":"closed","template":"","meta":{"_et_pb_use_builder":"on","_et_pb_old_content":"","_et_gb_content_width":"","footnotes":""},"_links":{"self":[{"href":"https:\/\/tvenkiniai.admoon.lt\/index.php\/wp-json\/wp\/v2\/pages\/163"}],"collection":[{"href":"https:\/\/tvenkiniai.admoon.lt\/index.php\/wp-json\/wp\/v2\/pages"}],"about":[{"href":"https:\/\/tvenkiniai.admoon.lt\/index.php\/wp-json\/wp\/v2\/types\/page"}],"author":[{"embeddable":true,"href":"https:\/\/tvenkiniai.admoon.lt\/index.php\/wp-json\/wp\/v2\/users\/1"}],"replies":[{"embeddable":true,"href":"https:\/\/tvenkiniai.admoon.lt\/index.php\/wp-json\/wp\/v2\/comments?post=163"}],"version-history":[{"count":15,"href":"https:\/\/tvenkiniai.admoon.lt\/index.php\/wp-json\/wp\/v2\/pages\/163\/revisions"}],"predecessor-version":[{"id":237,"href":"https:\/\/tvenkiniai.admoon.lt\/index.php\/wp-json\/wp\/v2\/pages\/163\/revisions\/237"}],"wp:attachment":[{"href":"https:\/\/tvenkiniai.admoon.lt\/index.php\/wp-json\/wp\/v2\/media?parent=163"}],"curies":[{"name":"wp","href":"https:\/\/api.w.org\/{rel}","templated":true}]}}